{"id":247,"date":"2026-04-24T20:23:14","date_gmt":"2026-04-24T20:23:14","guid":{"rendered":"https:\/\/dev.swissware-it.ch\/de\/weddings\/"},"modified":"2026-04-24T20:23:20","modified_gmt":"2026-04-24T20:23:20","slug":"weddings","status":"publish","type":"page","link":"https:\/\/dev.swissware-it.ch\/de\/weddings\/","title":{"rendered":"Weddings"},"content":{"rendered":"\t\t<div data-elementor-type=\"wp-page\" data-elementor-id=\"247\" class=\"elementor elementor-247\" data-elementor-post-type=\"page\">\n\t\t\t\t<div class=\"elementor-element elementor-element-65382e28 e-flex e-con-boxed e-con e-parent\" data-id=\"65382e28\" data-element_type=\"container\" data-e-type=\"container\">\n\t\t\t\t\t<div class=\"e-con-inner\">\n\t\t\t\t<div class=\"elementor-element elementor-element-27c8809 elementor-widget elementor-widget-menu-anchor\" data-id=\"27c8809\" data-element_type=\"widget\" data-e-type=\"widget\" data-widget_type=\"menu-anchor.default\">\n\t\t\t\t\t\t\t<div class=\"elementor-menu-anchor\" id=\"grid\"><\/div>\n\t\t\t\t\t\t<\/div>\n\t\t\t\t\t<\/div>\n\t\t\t\t<\/div>\n\t\t<div class=\"elementor-element elementor-element-169abbb6 e-flex e-con-boxed e-con e-parent\" data-id=\"169abbb6\" data-element_type=\"container\" data-e-type=\"container\" data-settings=\"{&quot;background_background&quot;:&quot;classic&quot;}\">\n\t\t\t\t\t<div class=\"e-con-inner\">\n\t\t\t\t<div class=\"elementor-element elementor-element-1c9e27fc elementor-widget elementor-widget-counter\" data-id=\"1c9e27fc\" data-element_type=\"widget\" data-e-type=\"widget\" data-widget_type=\"counter.default\">\n\t\t\t\t\t\t\t<div class=\"elementor-counter\">\n\t\t\t<div class=\"elementor-counter-title\">Hochzeiten seit 2023<\/div>\t\t\t<div class=\"elementor-counter-number-wrapper\">\n\t\t\t\t<span class=\"elementor-counter-number-prefix\"><\/span>\n\t\t\t\t<span class=\"elementor-counter-number\" data-duration=\"2000\" data-to-value=\"250\" data-from-value=\"0\" data-delimiter=\",\">0<\/span>\n\t\t\t\t<span class=\"elementor-counter-number-suffix\">+<\/span>\n\t\t\t<\/div>\n\t\t<\/div>\n\t\t\t\t\t\t<\/div>\n\t\t\t\t<div class=\"elementor-element elementor-element-356ad124 elementor-widget__width-initial e-transform elementor-hidden-mobile elementor-widget-divider--view-line elementor-widget elementor-widget-divider\" data-id=\"356ad124\" data-element_type=\"widget\" data-e-type=\"widget\" data-settings=\"{&quot;_transform_rotateZ_effect&quot;:{&quot;unit&quot;:&quot;px&quot;,&quot;size&quot;:90,&quot;sizes&quot;:[]},&quot;_transform_rotateZ_effect_tablet&quot;:{&quot;unit&quot;:&quot;deg&quot;,&quot;size&quot;:&quot;&quot;,&quot;sizes&quot;:[]},&quot;_transform_rotateZ_effect_mobile&quot;:{&quot;unit&quot;:&quot;deg&quot;,&quot;size&quot;:&quot;&quot;,&quot;sizes&quot;:[]}}\" data-widget_type=\"divider.default\">\n\t\t\t\t\t\t\t<div class=\"elementor-divider\">\n\t\t\t<span class=\"elementor-divider-separator\">\n\t\t\t\t\t\t<\/span>\n\t\t<\/div>\n\t\t\t\t\t\t<\/div>\n\t\t\t\t<div class=\"elementor-element elementor-element-2c2d45ce elementor-widget elementor-widget-counter\" data-id=\"2c2d45ce\" data-element_type=\"widget\" data-e-type=\"widget\" data-widget_type=\"counter.default\">\n\t\t\t\t\t\t\t<div class=\"elementor-counter\">\n\t\t\t<div class=\"elementor-counter-title\">Hochzeiten seit 2023<\/div>\t\t\t<div class=\"elementor-counter-number-wrapper\">\n\t\t\t\t<span class=\"elementor-counter-number-prefix\"><\/span>\n\t\t\t\t<span class=\"elementor-counter-number\" data-duration=\"2000\" data-to-value=\"50\" data-from-value=\"0\" data-delimiter=\",\">0<\/span>\n\t\t\t\t<span class=\"elementor-counter-number-suffix\">+<\/span>\n\t\t\t<\/div>\n\t\t<\/div>\n\t\t\t\t\t\t<\/div>\n\t\t\t\t\t<\/div>\n\t\t\t\t<\/div>\n\t\t<div class=\"elementor-element elementor-element-3b265ec6 e-flex e-con-boxed e-con e-parent\" data-id=\"3b265ec6\" data-element_type=\"container\" data-e-type=\"container\">\n\t\t\t\t\t<div class=\"e-con-inner\">\n\t\t\t\t<div class=\"elementor-element elementor-element-5a0fcd0d elementor-grid-3 elementor-grid-tablet-2 elementor-grid-mobile-1 elementor-widget elementor-widget-loop-grid\" data-id=\"5a0fcd0d\" data-element_type=\"widget\" data-e-type=\"widget\" data-settings=\"{&quot;template_id&quot;:128,&quot;masonry&quot;:&quot;yes&quot;,&quot;_skin&quot;:&quot;post&quot;,&quot;columns&quot;:&quot;3&quot;,&quot;columns_tablet&quot;:&quot;2&quot;,&quot;columns_mobile&quot;:&quot;1&quot;,&quot;edit_handle_selector&quot;:&quot;[data-elementor-type=\\&quot;loop-item\\&quot;]&quot;,&quot;row_gap&quot;:{&quot;unit&quot;:&quot;px&quot;,&quot;size&quot;:&quot;&quot;,&quot;sizes&quot;:[]},&quot;row_gap_tablet&quot;:{&quot;unit&quot;:&quot;px&quot;,&quot;size&quot;:&quot;&quot;,&quot;sizes&quot;:[]},&quot;row_gap_mobile&quot;:{&quot;unit&quot;:&quot;px&quot;,&quot;size&quot;:&quot;&quot;,&quot;sizes&quot;:[]}}\" data-widget_type=\"loop-grid.post\">\n\t\t\t\t<div class=\"elementor-widget-container\">\n\t\t\t\t\t\t\t<div class=\"elementor-loop-container elementor-grid\" role=\"list\">\n\t\t<style id=\"loop-128\">.elementor-128 .elementor-element.elementor-element-637a517c{--display:flex;--flex-direction:column;--container-widget-width:100%;--container-widget-height:initial;--container-widget-flex-grow:0;--container-widget-align-self:initial;--flex-wrap-mobile:wrap;--gap:0px 0px;--row-gap:0px;--column-gap:0px;}.elementor-128 .elementor-element.elementor-element-637a517c.e-con:hover{--e-con-transform-scale:1.03;}.elementor-widget-theme-post-featured-image .widget-image-caption{color:var( --e-global-color-text );font-family:var( --e-global-typography-text-font-family ), Sans-serif;font-size:var( --e-global-typography-text-font-size );font-weight:var( --e-global-typography-text-font-weight );font-style:var( --e-global-typography-text-font-style );line-height:var( --e-global-typography-text-line-height );}.elementor-128 .elementor-element.elementor-element-187fb48b img{max-width:360px;height:480px;object-fit:cover;object-position:center center;}.elementor-widget-theme-post-title .elementor-heading-title{font-family:var( --e-global-typography-primary-font-family ), Sans-serif;font-size:var( --e-global-typography-primary-font-size );font-weight:var( --e-global-typography-primary-font-weight );text-transform:var( --e-global-typography-primary-text-transform );font-style:var( --e-global-typography-primary-font-style );line-height:var( --e-global-typography-primary-line-height );color:var( --e-global-color-primary );}.elementor-128 .elementor-element.elementor-element-ab92812{text-align:center;}.elementor-128 .elementor-element.elementor-element-ab92812 .elementor-heading-title{font-family:var( --e-global-typography-a39c60f-font-family ), Sans-serif;font-size:var( --e-global-typography-a39c60f-font-size );font-weight:var( --e-global-typography-a39c60f-font-weight );text-transform:var( --e-global-typography-a39c60f-text-transform );font-style:var( --e-global-typography-a39c60f-font-style );line-height:var( --e-global-typography-a39c60f-line-height );letter-spacing:var( --e-global-typography-a39c60f-letter-spacing );word-spacing:var( --e-global-typography-a39c60f-word-spacing );color:var( --e-global-color-accent );}@media(max-width:1024px){.elementor-widget-theme-post-featured-image .widget-image-caption{font-size:var( --e-global-typography-text-font-size );line-height:var( --e-global-typography-text-line-height );}.elementor-widget-theme-post-title .elementor-heading-title{font-size:var( --e-global-typography-primary-font-size );line-height:var( --e-global-typography-primary-line-height );}.elementor-128 .elementor-element.elementor-element-ab92812 .elementor-heading-title{font-size:var( --e-global-typography-a39c60f-font-size );line-height:var( --e-global-typography-a39c60f-line-height );letter-spacing:var( --e-global-typography-a39c60f-letter-spacing );word-spacing:var( --e-global-typography-a39c60f-word-spacing );}}@media(max-width:767px){.elementor-widget-theme-post-featured-image .widget-image-caption{font-size:var( --e-global-typography-text-font-size );line-height:var( --e-global-typography-text-line-height );}.elementor-widget-theme-post-title .elementor-heading-title{font-size:var( --e-global-typography-primary-font-size );line-height:var( --e-global-typography-primary-line-height );}.elementor-128 .elementor-element.elementor-element-ab92812 .elementor-heading-title{font-size:var( --e-global-typography-a39c60f-font-size );line-height:var( --e-global-typography-a39c60f-line-height );letter-spacing:var( --e-global-typography-a39c60f-letter-spacing );word-spacing:var( --e-global-typography-a39c60f-word-spacing );}}<\/style>\t\t<div data-elementor-type=\"loop-item\" data-elementor-id=\"128\" class=\"elementor elementor-128 e-loop-item e-loop-item-256 post-256 post type-post status-publish format-standard has-post-thumbnail hentry category-wedding-gallery\" data-elementor-post-type=\"elementor_library\" data-custom-edit-handle=\"1\">\n\t\t\t<a class=\"elementor-element elementor-element-637a517c e-transform e-flex e-con-boxed e-con e-parent\" data-id=\"637a517c\" data-element_type=\"container\" data-e-type=\"container\" data-settings=\"{&quot;_transform_scale_effect_hover&quot;:{&quot;unit&quot;:&quot;px&quot;,&quot;size&quot;:1.03,&quot;sizes&quot;:[]},&quot;_transform_scale_effect_hover_tablet&quot;:{&quot;unit&quot;:&quot;px&quot;,&quot;size&quot;:&quot;&quot;,&quot;sizes&quot;:[]},&quot;_transform_scale_effect_hover_mobile&quot;:{&quot;unit&quot;:&quot;px&quot;,&quot;size&quot;:&quot;&quot;,&quot;sizes&quot;:[]}}\" href=\"https:\/\/dev.swissware-it.ch\/de\/2026\/04\/24\/s-o\/\">\n\t\t\t\t\t<div class=\"e-con-inner\">\n\t\t\t\t<div class=\"elementor-element elementor-element-187fb48b elementor-widget elementor-widget-theme-post-featured-image elementor-widget-image\" data-id=\"187fb48b\" data-element_type=\"widget\" data-e-type=\"widget\" data-widget_type=\"theme-post-featured-image.default\">\n\t\t\t\t\t\t\t\t\t\t\t\t\t\t\t<img fetchpriority=\"high\" decoding=\"async\" width=\"779\" height=\"716\" src=\"https:\/\/dev.swissware-it.ch\/de\/wp-content\/uploads\/sites\/2\/2026\/04\/Emotionaler-Ringtausch-bei-der-freien-Trauung-e1777041611104.png\" class=\"attachment-full size-full wp-image-257\" alt=\"Ein stimmungsvolles Schwarz-Wei\u00df-Foto, das den Moment des Ringtauschs w\u00e4hrend einer Hochzeitszeremonie im Freien einf\u00e4ngt. Der Br\u00e4utigam in einem hellen Anzug steckt der freudig l\u00e4chelnden Braut den Ehering an den Finger. Die Braut tr\u00e4gt ein romantisches Hochzeitskleid mit auff\u00e4lligen, schulterfreien und volumin\u00f6sen T\u00fcll\u00e4rmeln, die mit feinen Blattmustern bestickt sind, sowie einen langen Schleier. Im Hintergrund stehen gl\u00fcckliche Hochzeitsg\u00e4ste und Trauzeugen, die das Paar mit einem L\u00e4cheln beobachten. Dahinter ist eine sanfte Berglandschaft unter einem leicht bew\u00f6lkten Himmel zu erkennen.\" srcset=\"https:\/\/dev.swissware-it.ch\/de\/wp-content\/uploads\/sites\/2\/2026\/04\/Emotionaler-Ringtausch-bei-der-freien-Trauung-e1777041611104.png 779w, https:\/\/dev.swissware-it.ch\/de\/wp-content\/uploads\/sites\/2\/2026\/04\/Emotionaler-Ringtausch-bei-der-freien-Trauung-e1777041611104-300x276.png 300w, https:\/\/dev.swissware-it.ch\/de\/wp-content\/uploads\/sites\/2\/2026\/04\/Emotionaler-Ringtausch-bei-der-freien-Trauung-e1777041611104-768x706.png 768w\" sizes=\"(max-width: 779px) 100vw, 779px\" \/>\t\t\t\t\t\t\t\t\t\t\t\t\t\t\t<\/div>\n\t\t\t\t<div class=\"elementor-element elementor-element-ab92812 elementor-widget elementor-widget-theme-post-title elementor-page-title elementor-widget-heading\" data-id=\"ab92812\" data-element_type=\"widget\" data-e-type=\"widget\" data-widget_type=\"theme-post-title.default\">\n\t\t\t\t\t<h1 class=\"elementor-heading-title elementor-size-default\">S &#038; O<\/h1>\t\t\t\t<\/div>\n\t\t\t\t\t<\/div>\n\t\t\t\t<\/a>\n\t\t\t\t<\/div>\n\t\t\t\t<\/div>\n\t\t\n\t\t\t\t\t\t<\/div>\n\t\t\t\t<\/div>\n\t\t\t\t\t<\/div>\n\t\t\t\t<\/div>\n\t\t<div class=\"elementor-element elementor-element-6dcf8767 e-flex e-con-boxed e-con e-parent\" data-id=\"6dcf8767\" data-element_type=\"container\" data-e-type=\"container\" data-settings=\"{&quot;background_background&quot;:&quot;classic&quot;}\">\n\t\t\t\t\t<div class=\"e-con-inner\">\n\t\t\t\t<div class=\"elementor-element elementor-element-5797c92f elementor-widget elementor-widget-heading\" data-id=\"5797c92f\" data-element_type=\"widget\" data-e-type=\"widget\" data-widget_type=\"heading.default\">\n\t\t\t\t\t<h2 class=\"elementor-heading-title elementor-size-default\">Wedding Coverage<\/h2>\t\t\t\t<\/div>\n\t\t\t\t<div class=\"elementor-element elementor-element-4e7921a4 elementor-widget-divider--view-line elementor-invisible elementor-widget elementor-widget-divider\" data-id=\"4e7921a4\" data-element_type=\"widget\" data-e-type=\"widget\" data-settings=\"{&quot;_animation&quot;:&quot;zoomIn&quot;}\" data-widget_type=\"divider.default\">\n\t\t\t\t\t\t\t<div class=\"elementor-divider\">\n\t\t\t<span class=\"elementor-divider-separator\">\n\t\t\t\t\t\t<\/span>\n\t\t<\/div>\n\t\t\t\t\t\t<\/div>\n\t\t\t\t<div class=\"elementor-element elementor-element-50c85f82 elementor-invisible elementor-widget elementor-widget-heading\" data-id=\"50c85f82\" data-element_type=\"widget\" data-e-type=\"widget\" data-settings=\"{&quot;_animation&quot;:&quot;fadeInUp&quot;}\" data-widget_type=\"heading.default\">\n\t\t\t\t\t<h2 class=\"elementor-heading-title elementor-size-default\">Photographs that will still tell your story in<br>twenty years.<\/h2>\t\t\t\t<\/div>\n\t\t\t\t<div class=\"elementor-element elementor-element-66c476be elementor-invisible elementor-widget elementor-widget-heading\" data-id=\"66c476be\" data-element_type=\"widget\" data-e-type=\"widget\" data-settings=\"{&quot;_animation&quot;:&quot;fadeInUp&quot;}\" data-widget_type=\"heading.default\">\n\t\t\t\t\t<h2 class=\"elementor-heading-title elementor-size-default\">From intimate ceremonies to grand destination weddings \u2014 every inquiry is discussed personally.<\/h2>\t\t\t\t<\/div>\n\t\t\t\t<div class=\"elementor-element elementor-element-da65341 elementor-invisible elementor-widget elementor-widget-heading\" data-id=\"da65341\" data-element_type=\"widget\" data-e-type=\"widget\" data-settings=\"{&quot;_animation&quot;:&quot;fadeInUp&quot;}\" data-widget_type=\"heading.default\">\n\t\t\t\t\t<h2 class=\"elementor-heading-title elementor-size-default\">Wedding Album \u00b7 Slideshow \u00b7 Pre-Wedding Shoot \u00b7 Film<\/h2>\t\t\t\t<\/div>\n\t\t\t\t<div class=\"elementor-element elementor-element-577653f7 elementor-align-center elementor-invisible elementor-widget elementor-widget-button\" data-id=\"577653f7\" data-element_type=\"widget\" data-e-type=\"widget\" data-settings=\"{&quot;_animation&quot;:&quot;fadeInUp&quot;}\" data-widget_type=\"button.default\">\n\t\t\t\t\t\t\t\t\t\t<a class=\"elementor-button elementor-button-link elementor-size-sm\" href=\"https:\/\/dev.swissware-it.ch\/contact#form\">\n\t\t\t\t\t\t<span class=\"elementor-button-content-wrapper\">\n\t\t\t\t\t\t\t\t\t<span class=\"elementor-button-text\">INQUIRE NOW<\/span>\n\t\t\t\t\t<\/span>\n\t\t\t\t\t<\/a>\n\t\t\t\t\t\t\t\t<\/div>\n\t\t\t\t\t<\/div>\n\t\t\t\t<\/div>\n\t\t\t\t<\/div>\n\t\t","protected":false},"excerpt":{"rendered":"<p>Every wedding tells a unique story. With an eye for timeless elegance and authentic emotion, I capture the most beautiful moments of your special day \u2014 from intimate elopements in the Swiss Alps to luxurious destination weddings on the Amalfi Coast.<\/p>\n","protected":false},"author":1,"featured_media":251,"parent":0,"menu_order":0,"comment_status":"closed","ping_status":"closed","template":"","meta":{"footnotes":""},"class_list":["post-247","page","type-page","status-publish","has-post-thumbnail","hentry"],"_links":{"self":[{"href":"https:\/\/dev.swissware-it.ch\/de\/wp-json\/wp\/v2\/pages\/247","targetHints":{"allow":["GET"]}}],"collection":[{"href":"https:\/\/dev.swissware-it.ch\/de\/wp-json\/wp\/v2\/pages"}],"about":[{"href":"https:\/\/dev.swissware-it.ch\/de\/wp-json\/wp\/v2\/types\/page"}],"author":[{"embeddable":true,"href":"https:\/\/dev.swissware-it.ch\/de\/wp-json\/wp\/v2\/users\/1"}],"replies":[{"embeddable":true,"href":"https:\/\/dev.swissware-it.ch\/de\/wp-json\/wp\/v2\/comments?post=247"}],"version-history":[{"count":4,"href":"https:\/\/dev.swissware-it.ch\/de\/wp-json\/wp\/v2\/pages\/247\/revisions"}],"predecessor-version":[{"id":304,"href":"https:\/\/dev.swissware-it.ch\/de\/wp-json\/wp\/v2\/pages\/247\/revisions\/304"}],"wp:featuredmedia":[{"embeddable":true,"href":"https:\/\/dev.swissware-it.ch\/de\/wp-json\/wp\/v2\/media\/251"}],"wp:attachment":[{"href":"https:\/\/dev.swissware-it.ch\/de\/wp-json\/wp\/v2\/media?parent=247"}],"curies":[{"name":"wp","href":"https:\/\/api.w.org\/{rel}","templated":true}]}}